{"id":10683,"date":"2023-02-02T09:36:57","date_gmt":"2023-02-02T09:36:57","guid":{"rendered":"https:\/\/demo.swissdeal-sg.ch\/?page_id=10683"},"modified":"2023-02-02T12:00:21","modified_gmt":"2023-02-02T12:00:21","slug":"terms-and-conditions","status":"publish","type":"page","link":"https:\/\/demo.swissdeal-sg.ch\/?page_id=10683","title":{"rendered":"Terms And Condition"},"content":{"rendered":"\t\t<div data-elementor-type=\"wp-page\" data-elementor-id=\"10683\" class=\"elementor elementor-10683\">\n\t\t\t\t\t\t<section class=\"elementor-section elementor-top-section elementor-element elementor-element-f31cd33 elementor-section-boxed elementor-section-height-default elementor-section-height-default wd-section-disabled\" data-id=\"f31cd33\" data-element_type=\"section\">\n\t\t\t\t\t\t<div class=\"elementor-container elementor-column-gap-default\">\n\t\t\t\t\t<div class=\"elementor-column elementor-col-100 elementor-top-column elementor-element elementor-element-2464692\" data-id=\"2464692\" data-element_type=\"column\">\n\t\t\t<div class=\"elementor-widget-wrap elementor-element-populated\">\n\t\t\t\t\t\t<div class=\"elementor-element elementor-element-9900d26 elementor-widget elementor-widget-heading\" data-id=\"9900d26\" data-element_type=\"widget\" data-widget_type=\"heading.default\">\n\t\t\t\t<div class=\"elementor-widget-container\">\n\t\t\t\t\t<h1 class=\"elementor-heading-title elementor-size-default\">Allgemeine Bedingungen und Konditionen<\/h1>\t\t\t\t<\/div>\n\t\t\t\t<\/div>\n\t\t\t\t<div class=\"elementor-element elementor-element-6820009 color-scheme-inherit text-left elementor-widget elementor-widget-text-editor\" data-id=\"6820009\" data-element_type=\"widget\" data-widget_type=\"text-editor.default\">\n\t\t\t\t<div class=\"elementor-widget-container\">\n\t\t\t\t\t\t\t\t\t<h5>Willkommen auf der Website Megaaktion.ch!<br \/><br \/>Dies sind die allgemeinen Regeln und Vorschriften f\u00fcr die Nutzung der Website Megaaktion.ch.<\/h5>\t\t\t\t\t\t\t\t<\/div>\n\t\t\t\t<\/div>\n\t\t\t\t\t<\/div>\n\t\t<\/div>\n\t\t\t\t\t<\/div>\n\t\t<\/section>\n\t\t\t\t<section class=\"elementor-section elementor-top-section elementor-element elementor-element-7ce68dc elementor-section-boxed elementor-section-height-default elementor-section-height-default wd-section-disabled\" data-id=\"7ce68dc\" data-element_type=\"section\">\n\t\t\t\t\t\t<div class=\"elementor-container elementor-column-gap-default\">\n\t\t\t\t\t<div class=\"elementor-column elementor-col-100 elementor-top-column elementor-element elementor-element-6bffcdc\" data-id=\"6bffcdc\" data-element_type=\"column\">\n\t\t\t<div class=\"elementor-widget-wrap elementor-element-populated\">\n\t\t\t\t\t\t<div class=\"elementor-element elementor-element-b61a914 elementor-widget elementor-widget-heading\" data-id=\"b61a914\" data-element_type=\"widget\" data-widget_type=\"heading.default\">\n\t\t\t\t<div class=\"elementor-widget-container\">\n\t\t\t\t\t<h1 class=\"elementor-heading-title elementor-size-default\">1. Geltungsbereich<\/h1>\t\t\t\t<\/div>\n\t\t\t\t<\/div>\n\t\t\t\t<div class=\"elementor-element elementor-element-5e61210 color-scheme-inherit text-left elementor-widget elementor-widget-text-editor\" data-id=\"5e61210\" data-element_type=\"widget\" data-widget_type=\"text-editor.default\">\n\t\t\t\t<div class=\"elementor-widget-container\">\n\t\t\t\t\t\t\t\t\t<blockquote><p>Die folgenden Bedingungen sind eine Vereinbarung zwischen Ihnen und der Website megaaktion.ch f\u00fcr den Zugang und die Nutzung der Website.<br \/>Durch die Nutzung der Website m\u00fcssen Sie best\u00e4tigen, dass Sie die Nutzungsbedingungen gelesen und verstanden haben und ihnen zustimmen. Wenn Sie nicht mit allen diesen Bedingungen einverstanden sind, ist Ihnen die Nutzung der Website strengstens untersagt und Sie m\u00fcssen diese sofort beenden.<br \/>Wir behalten uns das Recht vor, die AGB (Allgemeine Gesch\u00e4ftsbedingungen) jederzeit zu erg\u00e4nzen oder zu \u00e4ndern. Es gilt die Version der AGB, die zum Zeitpunkt der Bestellung in Kraft war.<br \/>Abweichende, zus\u00e4tzliche oder entgegenstehende Bedingungen des Kunden werden nicht anerkannt, es sei denn, wir haben deren Geltung ausdr\u00fccklich schriftlich best\u00e4tigt<\/p><\/blockquote>\t\t\t\t\t\t\t\t<\/div>\n\t\t\t\t<\/div>\n\t\t\t\t\t<\/div>\n\t\t<\/div>\n\t\t\t\t\t<\/div>\n\t\t<\/section>\n\t\t\t\t<section class=\"elementor-section elementor-top-section elementor-element elementor-element-488b99e elementor-section-boxed elementor-section-height-default elementor-section-height-default wd-section-disabled\" data-id=\"488b99e\" data-element_type=\"section\">\n\t\t\t\t\t\t<div class=\"elementor-container elementor-column-gap-default\">\n\t\t\t\t\t<div class=\"elementor-column elementor-col-100 elementor-top-column elementor-element elementor-element-ca5494c\" data-id=\"ca5494c\" data-element_type=\"column\">\n\t\t\t<div class=\"elementor-widget-wrap elementor-element-populated\">\n\t\t\t\t\t\t<div class=\"elementor-element elementor-element-13493d2 elementor-widget elementor-widget-heading\" data-id=\"13493d2\" data-element_type=\"widget\" data-widget_type=\"heading.default\">\n\t\t\t\t<div class=\"elementor-widget-container\">\n\t\t\t\t\t<h1 class=\"elementor-heading-title elementor-size-default\">2. Benutzungsbedingungen<\/h1>\t\t\t\t<\/div>\n\t\t\t\t<\/div>\n\t\t\t\t<div class=\"elementor-element elementor-element-35bd23d color-scheme-inherit text-left elementor-widget elementor-widget-text-editor\" data-id=\"35bd23d\" data-element_type=\"widget\" data-widget_type=\"text-editor.default\">\n\t\t\t\t<div class=\"elementor-widget-container\">\n\t\t\t\t\t\t\t\t\t<blockquote><p>&#8211; F\u00fcr die Nutzung unseres Online-Shopping-Angebots ist eine ordnungsgem\u00e4\u00dfe Registrierung erforderlich. Als Kunde sind Sie daf\u00fcr verantwortlich, richtige und vollst\u00e4ndige Angaben zu machen.<br \/>&#8211; Wenn Sie bei der Registrierung unvollst\u00e4ndige oder irref\u00fchrende Angaben machen oder uns \u00c4nderungen nicht mitteilen, haben wir das Recht, Sie sofort von der Nutzung unserer Website auszuschlie\u00dfen.<br \/>&#8211; Sie sind verpflichtet, Ihre pers\u00f6nlichen Anmeldedaten geheim zu halten und den unerw\u00fcnschten Zugriff Dritter zu vermeiden.<\/p><\/blockquote>\t\t\t\t\t\t\t\t<\/div>\n\t\t\t\t<\/div>\n\t\t\t\t\t<\/div>\n\t\t<\/div>\n\t\t\t\t\t<\/div>\n\t\t<\/section>\n\t\t\t\t<section class=\"elementor-section elementor-top-section elementor-element elementor-element-3b32352 elementor-section-boxed elementor-section-height-default elementor-section-height-default wd-section-disabled\" data-id=\"3b32352\" data-element_type=\"section\">\n\t\t\t\t\t\t<div class=\"elementor-container elementor-column-gap-default\">\n\t\t\t\t\t<div class=\"elementor-column elementor-col-100 elementor-top-column elementor-element elementor-element-63d71f6\" data-id=\"63d71f6\" data-element_type=\"column\">\n\t\t\t<div class=\"elementor-widget-wrap elementor-element-populated\">\n\t\t\t\t\t\t<div class=\"elementor-element elementor-element-97ebb79 elementor-widget elementor-widget-heading\" data-id=\"97ebb79\" data-element_type=\"widget\" data-widget_type=\"heading.default\">\n\t\t\t\t<div class=\"elementor-widget-container\">\n\t\t\t\t\t<h1 class=\"elementor-heading-title elementor-size-default\">3. Informationen auf unserer Website<\/h1>\t\t\t\t<\/div>\n\t\t\t\t<\/div>\n\t\t\t\t<div class=\"elementor-element elementor-element-c321006 color-scheme-inherit text-left elementor-widget elementor-widget-text-editor\" data-id=\"c321006\" data-element_type=\"widget\" data-widget_type=\"text-editor.default\">\n\t\t\t\t<div class=\"elementor-widget-container\">\n\t\t\t\t\t\t\t\t\t<blockquote><p>Wir haben unser Bestes getan, um die Informationen auf unserer Website so genau wie m\u00f6glich zu gestalten. Wir haben uns bem\u00fcht, die Eigenschaften der Produkte korrekt darzustellen. Wir versprechen nicht, dass der Inhalt v\u00f6llig fehlerfrei ist. Preisangebote und Sonderaktionen k\u00f6nnen sich von Zeit zu Zeit \u00e4ndern, je nach den aktuellen Angeboten und Details.<br \/>Wir garantieren Ihnen, dass alle Angebote zu jeder Zeit verf\u00fcgbar sind. Trotz unserer Bem\u00fchungen ist es immer m\u00f6glich, dass unsere Produkte nicht mehr lieferbar sind, bis Sie Ihre Bestellung aufgeben.<\/p><\/blockquote>\t\t\t\t\t\t\t\t<\/div>\n\t\t\t\t<\/div>\n\t\t\t\t\t<\/div>\n\t\t<\/div>\n\t\t\t\t\t<\/div>\n\t\t<\/section>\n\t\t\t\t<section class=\"elementor-section elementor-top-section elementor-element elementor-element-663d123 elementor-section-boxed elementor-section-height-default elementor-section-height-default wd-section-disabled\" data-id=\"663d123\" data-element_type=\"section\">\n\t\t\t\t\t\t<div class=\"elementor-container elementor-column-gap-default\">\n\t\t\t\t\t<div class=\"elementor-column elementor-col-100 elementor-top-column elementor-element elementor-element-1caf4f8\" data-id=\"1caf4f8\" data-element_type=\"column\">\n\t\t\t<div class=\"elementor-widget-wrap elementor-element-populated\">\n\t\t\t\t\t\t<div class=\"elementor-element elementor-element-728be81 elementor-widget elementor-widget-heading\" data-id=\"728be81\" data-element_type=\"widget\" data-widget_type=\"heading.default\">\n\t\t\t\t<div class=\"elementor-widget-container\">\n\t\t\t\t\t<h1 class=\"elementor-heading-title elementor-size-default\">4. Datenschutz<\/h1>\t\t\t\t<\/div>\n\t\t\t\t<\/div>\n\t\t\t\t<div class=\"elementor-element elementor-element-1d2706e color-scheme-inherit text-left elementor-widget elementor-widget-text-editor\" data-id=\"1d2706e\" data-element_type=\"widget\" data-widget_type=\"text-editor.default\">\n\t\t\t\t<div class=\"elementor-widget-container\">\n\t\t\t\t\t\t\t\t\t<blockquote><p>Die Nutzung von megaaktion.ch unterliegt unseren Datenschutzbestimmungen. Lesen Sie unsere Datenschutzbestimmungen, um zu erfahren, wie wir die Informationen sammeln und verwenden.<\/p><\/blockquote>\t\t\t\t\t\t\t\t<\/div>\n\t\t\t\t<\/div>\n\t\t\t\t\t<\/div>\n\t\t<\/div>\n\t\t\t\t\t<\/div>\n\t\t<\/section>\n\t\t\t\t<section class=\"elementor-section elementor-top-section elementor-element elementor-element-324f962 elementor-section-boxed elementor-section-height-default elementor-section-height-default wd-section-disabled\" data-id=\"324f962\" data-element_type=\"section\">\n\t\t\t\t\t\t<div class=\"elementor-container elementor-column-gap-default\">\n\t\t\t\t\t<div class=\"elementor-column elementor-col-100 elementor-top-column elementor-element elementor-element-9466133\" data-id=\"9466133\" data-element_type=\"column\">\n\t\t\t<div class=\"elementor-widget-wrap elementor-element-populated\">\n\t\t\t\t\t\t<div class=\"elementor-element elementor-element-db681ef elementor-widget elementor-widget-heading\" data-id=\"db681ef\" data-element_type=\"widget\" data-widget_type=\"heading.default\">\n\t\t\t\t<div class=\"elementor-widget-container\">\n\t\t\t\t\t<h1 class=\"elementor-heading-title elementor-size-default\">5. Geistige Rechte<\/h1>\t\t\t\t<\/div>\n\t\t\t\t<\/div>\n\t\t\t\t<div class=\"elementor-element elementor-element-5f65d22 color-scheme-inherit text-left elementor-widget elementor-widget-text-editor\" data-id=\"5f65d22\" data-element_type=\"widget\" data-widget_type=\"text-editor.default\">\n\t\t\t\t<div class=\"elementor-widget-container\">\n\t\t\t\t\t\t\t\t\t<blockquote><p>Der gesamte auf unserer Website verf\u00fcgbare Inhalt ist durch das schweizerische Markenrecht sowie verschiedene andere Gesetze zum Schutz des geistigen Eigentums und des Wettbewerbs, internationale Urheberrechte und Konventionen gesch\u00fctzt.<br \/>Sie erhalten eine begrenzte Erlaubnis, auf die Website zuzugreifen und sie zu nutzen sowie eine Kopie des Inhalts, zu dem Sie Zugang erhalten haben, ausschlie\u00dflich f\u00fcr Ihren pers\u00f6nlichen, nicht-kommerziellen Gebrauch herunterzuladen oder auszudrucken. Wir behalten uns alle Rechte an der Website, dem Inhalt und den Marken vor, die Ihnen nicht ausdr\u00fccklich gew\u00e4hrt werden.<\/p><\/blockquote>\t\t\t\t\t\t\t\t<\/div>\n\t\t\t\t<\/div>\n\t\t\t\t\t<\/div>\n\t\t<\/div>\n\t\t\t\t\t<\/div>\n\t\t<\/section>\n\t\t\t\t<section class=\"elementor-section elementor-top-section elementor-element elementor-element-fff32e9 elementor-section-boxed elementor-section-height-default elementor-section-height-default wd-section-disabled\" data-id=\"fff32e9\" data-element_type=\"section\">\n\t\t\t\t\t\t<div class=\"elementor-container elementor-column-gap-default\">\n\t\t\t\t\t<div class=\"elementor-column elementor-col-100 elementor-top-column elementor-element elementor-element-8408af2\" data-id=\"8408af2\" data-element_type=\"column\">\n\t\t\t<div class=\"elementor-widget-wrap elementor-element-populated\">\n\t\t\t\t\t\t<div class=\"elementor-element elementor-element-5a109e4 elementor-widget elementor-widget-heading\" data-id=\"5a109e4\" data-element_type=\"widget\" data-widget_type=\"heading.default\">\n\t\t\t\t<div class=\"elementor-widget-container\">\n\t\t\t\t\t<h1 class=\"elementor-heading-title elementor-size-default\">6. Benutzerkonto<\/h1>\t\t\t\t<\/div>\n\t\t\t\t<\/div>\n\t\t\t\t<div class=\"elementor-element elementor-element-045b738 color-scheme-inherit text-left elementor-widget elementor-widget-text-editor\" data-id=\"045b738\" data-element_type=\"widget\" data-widget_type=\"text-editor.default\">\n\t\t\t\t<div class=\"elementor-widget-container\">\n\t\t\t\t\t\t\t\t\t<blockquote><p>Um ein Konto zu erstellen, m\u00fcssen Sie sich zun\u00e4chst auf der Website registrieren. Dies erleichtert Ihnen den Kauf. Sie verpflichten sich, Ihr Passwort vertraulich zu behandeln und \u00fcbernehmen die Verantwortung f\u00fcr alle Aktivit\u00e4ten, die unter Ihrem Konto und Passwort stattfinden.<br \/>Wenn Sie Ihren Benutzernamen entfernen, zur\u00fcckfordern oder \u00e4ndern m\u00f6chten, behalten wir uns das Recht vor, dies zu tun. Wenn der Benutzername als unangemessen, obsz\u00f6n oder anst\u00f6\u00dfig erachtet wird, behalten wir uns das Recht vor, ihn zu \u00e4ndern oder abzulehnen.<\/p><\/blockquote>\t\t\t\t\t\t\t\t<\/div>\n\t\t\t\t<\/div>\n\t\t\t\t\t<\/div>\n\t\t<\/div>\n\t\t\t\t\t<\/div>\n\t\t<\/section>\n\t\t\t\t<section class=\"elementor-section elementor-top-section elementor-element elementor-element-1ebd37d elementor-section-boxed elementor-section-height-default elementor-section-height-default wd-section-disabled\" data-id=\"1ebd37d\" data-element_type=\"section\">\n\t\t\t\t\t\t<div class=\"elementor-container elementor-column-gap-default\">\n\t\t\t\t\t<div class=\"elementor-column elementor-col-100 elementor-top-column elementor-element elementor-element-4b64b54\" data-id=\"4b64b54\" data-element_type=\"column\">\n\t\t\t<div class=\"elementor-widget-wrap elementor-element-populated\">\n\t\t\t\t\t\t<div class=\"elementor-element elementor-element-fff8ed5 elementor-widget elementor-widget-heading\" data-id=\"fff8ed5\" data-element_type=\"widget\" data-widget_type=\"heading.default\">\n\t\t\t\t<div class=\"elementor-widget-container\">\n\t\t\t\t\t<h1 class=\"elementor-heading-title elementor-size-default\">7. Verantwortlichkeiten der Nutzer<\/h1>\t\t\t\t<\/div>\n\t\t\t\t<\/div>\n\t\t\t\t<div class=\"elementor-element elementor-element-630f2fa color-scheme-inherit text-left elementor-widget elementor-widget-text-editor\" data-id=\"630f2fa\" data-element_type=\"widget\" data-widget_type=\"text-editor.default\">\n\t\t\t\t<div class=\"elementor-widget-container\">\n\t\t\t\t\t\t\t\t\t<blockquote><p>Die Nutzerinnen und Nutzer verpflichten sich, bei der Nutzung der Dienste von mega-option.ch zur Bereitstellung eigener Inhalte nicht gegen geltende gesetzliche Bestimmungen oder vertragliche Beschr\u00e4nkungen zu verstossen.<br \/>Einige Verpflichtungen sind in den Pflichten der Nutzer enthalten, darunter:<br \/>&#8211; Die Nutzerinnen und Nutzer sind daf\u00fcr verantwortlich, dass die von ihnen bereitgestellten Inhalte nicht in Rechte Dritter, insbesondere Urheber-, Pers\u00f6nlichkeits-, Patent- und Markenrechte sowie sonstige Namensrechte Dritter eingreifen oder gegen geltendes Recht zur Datensicherheit und zur Nutzung der Website verstossen.<br \/>&#8211; Die Nutzerinnen und Nutzer haben auch alle geltenden Strafgesetze und Jugendschutzbestimmungen zu beachten.<\/p><\/blockquote>\t\t\t\t\t\t\t\t<\/div>\n\t\t\t\t<\/div>\n\t\t\t\t\t<\/div>\n\t\t<\/div>\n\t\t\t\t\t<\/div>\n\t\t<\/section>\n\t\t\t\t<section class=\"elementor-section elementor-top-section elementor-element elementor-element-b3768d1 elementor-section-boxed elementor-section-height-default elementor-section-height-default wd-section-disabled\" data-id=\"b3768d1\" data-element_type=\"section\">\n\t\t\t\t\t\t<div class=\"elementor-container elementor-column-gap-default\">\n\t\t\t\t\t<div class=\"elementor-column elementor-col-100 elementor-top-column elementor-element elementor-element-2fcaf18\" data-id=\"2fcaf18\" data-element_type=\"column\">\n\t\t\t<div class=\"elementor-widget-wrap elementor-element-populated\">\n\t\t\t\t\t\t<div class=\"elementor-element elementor-element-7847a9c elementor-widget elementor-widget-heading\" data-id=\"7847a9c\" data-element_type=\"widget\" data-widget_type=\"heading.default\">\n\t\t\t\t<div class=\"elementor-widget-container\">\n\t\t\t\t\t<h1 class=\"elementor-heading-title elementor-size-default\">8. Beschwerde \u00fcber die illegale Nutzung von Daten<\/h1>\t\t\t\t<\/div>\n\t\t\t\t<\/div>\n\t\t\t\t<div class=\"elementor-element elementor-element-c2c8152 color-scheme-inherit text-left elementor-widget elementor-widget-text-editor\" data-id=\"c2c8152\" data-element_type=\"widget\" data-widget_type=\"text-editor.default\">\n\t\t\t\t<div class=\"elementor-widget-container\">\n\t\t\t\t\t\t\t\t\t<blockquote><p>Hinweise auf angebliche Urheberrechtsverletzungen und\/oder andere Rechtsverst\u00f6\u00dfe, die an www.megaaktion.ch gemeldet werden, werden gepr\u00fcft.<br \/>Wenn der Nutzer der Meinung ist, dass ein Inhalt seine eigenen Rechte oder die Rechte Dritter rechtswidrig verletzt, kann er sich unter Angabe der Kontaktadresse und der genauen Beschreibung des verletzenden Inhalts und des angeblich verletzten Rechts, einschlie\u00dflich einer Erkl\u00e4rung, dass der Inhalt nicht vom Rechteinhaber oder seinem Vertreter genehmigt wurde und\/oder gesetzlich nicht zul\u00e4ssig ist, beschweren. <br \/>Megaaktion.ch beh\u00e4lt sich das Recht vor, vermeintlich rechtswidrige Inhalte ohne Vorank\u00fcndigung und nach eigenem Ermessen zu entfernen.<\/p><p>Kontakt:<br \/><a href=\"mailto:site@megaaktion.ch\">site@megaaktion.ch<\/a><\/p><\/blockquote>\t\t\t\t\t\t\t\t<\/div>\n\t\t\t\t<\/div>\n\t\t\t\t\t<\/div>\n\t\t<\/div>\n\t\t\t\t\t<\/div>\n\t\t<\/section>\n\t\t\t\t<section class=\"elementor-section elementor-top-section elementor-element elementor-element-a38c6a3 elementor-section-boxed elementor-section-height-default elementor-section-height-default wd-section-disabled\" data-id=\"a38c6a3\" data-element_type=\"section\">\n\t\t\t\t\t\t<div class=\"elementor-container elementor-column-gap-default\">\n\t\t\t\t\t<div class=\"elementor-column elementor-col-100 elementor-top-column elementor-element elementor-element-2a4423e\" data-id=\"2a4423e\" data-element_type=\"column\">\n\t\t\t<div class=\"elementor-widget-wrap elementor-element-populated\">\n\t\t\t\t\t\t<div class=\"elementor-element elementor-element-f71000f elementor-widget elementor-widget-heading\" data-id=\"f71000f\" data-element_type=\"widget\" data-widget_type=\"heading.default\">\n\t\t\t\t<div class=\"elementor-widget-container\">\n\t\t\t\t\t<h1 class=\"elementor-heading-title elementor-size-default\">9. R\u00fcckgabe- und Umtauschrecht<\/h1>\t\t\t\t<\/div>\n\t\t\t\t<\/div>\n\t\t\t\t<div class=\"elementor-element elementor-element-1250bd9 color-scheme-inherit text-left elementor-widget elementor-widget-text-editor\" data-id=\"1250bd9\" data-element_type=\"widget\" data-widget_type=\"text-editor.default\">\n\t\t\t\t<div class=\"elementor-widget-container\">\n\t\t\t\t\t\t\t\t\t<blockquote><p>Jedes Angebot ist endg\u00fcltig. Die R\u00fcckgabe der Ware und die R\u00fcckerstattung des Kaufpreises sind nicht m\u00f6glich.<\/p><\/blockquote>\t\t\t\t\t\t\t\t<\/div>\n\t\t\t\t<\/div>\n\t\t\t\t\t<\/div>\n\t\t<\/div>\n\t\t\t\t\t<\/div>\n\t\t<\/section>\n\t\t\t\t<section class=\"elementor-section elementor-top-section elementor-element elementor-element-6ccda34 elementor-section-boxed elementor-section-height-default elementor-section-height-default wd-section-disabled\" data-id=\"6ccda34\" data-element_type=\"section\">\n\t\t\t\t\t\t<div class=\"elementor-container elementor-column-gap-default\">\n\t\t\t\t\t<div class=\"elementor-column elementor-col-100 elementor-top-column elementor-element elementor-element-5bdeafd\" data-id=\"5bdeafd\" data-element_type=\"column\">\n\t\t\t<div class=\"elementor-widget-wrap elementor-element-populated\">\n\t\t\t\t\t\t<div class=\"elementor-element elementor-element-558aacc elementor-widget elementor-widget-heading\" data-id=\"558aacc\" data-element_type=\"widget\" data-widget_type=\"heading.default\">\n\t\t\t\t<div class=\"elementor-widget-container\">\n\t\t\t\t\t<h1 class=\"elementor-heading-title elementor-size-default\">10. Beendigung<\/h1>\t\t\t\t<\/div>\n\t\t\t\t<\/div>\n\t\t\t\t<div class=\"elementor-element elementor-element-f011e1f color-scheme-inherit text-left elementor-widget elementor-widget-text-editor\" data-id=\"f011e1f\" data-element_type=\"widget\" data-widget_type=\"text-editor.default\">\n\t\t\t\t<div class=\"elementor-widget-container\">\n\t\t\t\t\t\t\t\t\t<blockquote><p>Diese Nutzungsbedingungen gelten weiterhin, solange Sie die Website nutzen. Wenn Ihr Konto aus irgendeinem Grund gesperrt oder gek\u00fcndigt wird, ist es Ihnen nicht gestattet, sich zu registrieren und ein neues Konto zu erstellen.<\/p><\/blockquote>\t\t\t\t\t\t\t\t<\/div>\n\t\t\t\t<\/div>\n\t\t\t\t\t<\/div>\n\t\t<\/div>\n\t\t\t\t\t<\/div>\n\t\t<\/section>\n\t\t\t\t<section class=\"elementor-section elementor-top-section elementor-element elementor-element-51b4f7e elementor-section-boxed elementor-section-height-default elementor-section-height-default wd-section-disabled\" data-id=\"51b4f7e\" data-element_type=\"section\">\n\t\t\t\t\t\t<div class=\"elementor-container elementor-column-gap-default\">\n\t\t\t\t\t<div class=\"elementor-column elementor-col-100 elementor-top-column elementor-element elementor-element-8cbec11\" data-id=\"8cbec11\" data-element_type=\"column\">\n\t\t\t<div class=\"elementor-widget-wrap elementor-element-populated\">\n\t\t\t\t\t\t<div class=\"elementor-element elementor-element-16f9279 elementor-widget elementor-widget-heading\" data-id=\"16f9279\" data-element_type=\"widget\" data-widget_type=\"heading.default\">\n\t\t\t\t<div class=\"elementor-widget-container\">\n\t\t\t\t\t<h1 class=\"elementor-heading-title elementor-size-default\">11. Kontaktieren Sie uns<\/h1>\t\t\t\t<\/div>\n\t\t\t\t<\/div>\n\t\t\t\t<div class=\"elementor-element elementor-element-4fb6e3a color-scheme-inherit text-left elementor-widget elementor-widget-text-editor\" data-id=\"4fb6e3a\" data-element_type=\"widget\" data-widget_type=\"text-editor.default\">\n\t\t\t\t<div class=\"elementor-widget-container\">\n\t\t\t\t\t\t\t\t\t<blockquote><p>Bei Beschwerden \u00fcber die Website oder um weitere Informationen \u00fcber den Nutzer der Website zu erhalten, <br \/>Kontaktieren Sie uns unter:<br \/>Adresse: <a href=\"http:\/\/Rosenberg Strasse 46, 9000 St. Gallen\" data-wplink-url-error=\"true\">Rosenberg Strasse 46, 9000 St. Gallen<\/a><br \/>WhatsApp\/ Anruf: <a href=\"http:\/\/+41-79-773-87-12\" data-wplink-url-error=\"true\">+41-79-773-87-12<\/a><br \/>E-Mail: <a href=\"mailto:site@megaaktion.ch\">site@megaaktion.ch<\/a><\/p><\/blockquote>\t\t\t\t\t\t\t\t<\/div>\n\t\t\t\t<\/div>\n\t\t\t\t\t<\/div>\n\t\t<\/div>\n\t\t\t\t\t<\/div>\n\t\t<\/section>\n\t\t\t\t<\/div>\n\t\t","protected":false},"excerpt":{"rendered":"<p>Allgemeine Bedingungen und Konditionen Willkommen auf der Website Megaaktion.ch! Dies sind die allgemeinen Regeln und Vorschriften f\u00fcr die Nutzung der<\/p>\n","protected":false},"author":1,"featured_media":0,"parent":0,"menu_order":0,"comment_status":"closed","ping_status":"closed","template":"elementor_header_footer","meta":{"footnotes":""},"class_list":["post-10683","page","type-page","status-publish","hentry"],"_links":{"self":[{"href":"https:\/\/demo.swissdeal-sg.ch\/index.php?rest_route=\/wp\/v2\/pages\/10683","targetHints":{"allow":["GET"]}}],"collection":[{"href":"https:\/\/demo.swissdeal-sg.ch\/index.php?rest_route=\/wp\/v2\/pages"}],"about":[{"href":"https:\/\/demo.swissdeal-sg.ch\/index.php?rest_route=\/wp\/v2\/types\/page"}],"author":[{"embeddable":true,"href":"https:\/\/demo.swissdeal-sg.ch\/index.php?rest_route=\/wp\/v2\/users\/1"}],"replies":[{"embeddable":true,"href":"https:\/\/demo.swissdeal-sg.ch\/index.php?rest_route=%2Fwp%2Fv2%2Fcomments&post=10683"}],"version-history":[{"count":14,"href":"https:\/\/demo.swissdeal-sg.ch\/index.php?rest_route=\/wp\/v2\/pages\/10683\/revisions"}],"predecessor-version":[{"id":10710,"href":"https:\/\/demo.swissdeal-sg.ch\/index.php?rest_route=\/wp\/v2\/pages\/10683\/revisions\/10710"}],"wp:attachment":[{"href":"https:\/\/demo.swissdeal-sg.ch\/index.php?rest_route=%2Fwp%2Fv2%2Fmedia&parent=10683"}],"curies":[{"name":"wp","href":"https:\/\/api.w.org\/{rel}","templated":true}]}}