{"id":1629,"date":"2018-07-06T13:15:50","date_gmt":"2018-07-06T13:15:50","guid":{"rendered":"http:\/\/dummy.xtemos.com\/woodmart-elementor\/demos\/?page_id=1629"},"modified":"2023-02-02T12:01:36","modified_gmt":"2023-02-02T12:01:36","slug":"privacy-policy-2","status":"publish","type":"page","link":"https:\/\/demo.swissdeal-sg.ch\/?page_id=1629","title":{"rendered":"Privacy Policy"},"content":{"rendered":"\t\t<div data-elementor-type=\"wp-page\" data-elementor-id=\"1629\" class=\"elementor elementor-1629\">\n\t\t\t\t\t\t<section class=\"elementor-section elementor-top-section elementor-element elementor-element-d4c6ba9 elementor-section-boxed elementor-section-height-default elementor-section-height-default wd-section-disabled\" data-id=\"d4c6ba9\" data-element_type=\"section\">\n\t\t\t\t\t\t<div class=\"elementor-container elementor-column-gap-default\">\n\t\t\t\t\t<div class=\"elementor-column elementor-col-100 elementor-top-column elementor-element elementor-element-a9b335a\" data-id=\"a9b335a\" data-element_type=\"column\">\n\t\t\t<div class=\"elementor-widget-wrap elementor-element-populated\">\n\t\t\t\t\t\t<div class=\"elementor-element elementor-element-ec47378 elementor-widget elementor-widget-heading\" data-id=\"ec47378\" data-element_type=\"widget\" data-widget_type=\"heading.default\">\n\t\t\t\t<div class=\"elementor-widget-container\">\n\t\t\t\t\t<h1 class=\"elementor-heading-title elementor-size-default\">Datenschutzpolitik<\/h1>\t\t\t\t<\/div>\n\t\t\t\t<\/div>\n\t\t\t\t<div class=\"elementor-element elementor-element-300892c color-scheme-dark text-left elementor-widget elementor-widget-text-editor\" data-id=\"300892c\" data-element_type=\"widget\" data-widget_type=\"text-editor.default\">\n\t\t\t\t<div class=\"elementor-widget-container\">\n\t\t\t\t\t\t\t\t\t<p>Nach dem Datenschutzgesetz sind Sie berechtigt, Ihre pers\u00f6nlichen Daten jederzeit zu aktualisieren, wenn Sie feststellen, dass wir falsche Daten \u00fcber Sie sammeln. Wenn Sie Ihre pers\u00f6nlichen Daten berichtigen lassen m\u00f6chten, senden Sie uns bitte eine E-Mail an site@megaaktion.ch oder einen Brief an die hier genannte Adresse Adresse: Megaaktion.ch.<\/p>\t\t\t\t\t\t\t\t<\/div>\n\t\t\t\t<\/div>\n\t\t\t\t\t<\/div>\n\t\t<\/div>\n\t\t\t\t\t<\/div>\n\t\t<\/section>\n\t\t\t\t<section class=\"elementor-section elementor-top-section elementor-element elementor-element-0285089 elementor-section-boxed elementor-section-height-default elementor-section-height-default wd-section-disabled\" data-id=\"0285089\" data-element_type=\"section\">\n\t\t\t\t\t\t<div class=\"elementor-container elementor-column-gap-default\">\n\t\t\t\t\t<div class=\"elementor-column elementor-col-100 elementor-top-column elementor-element elementor-element-222598b\" data-id=\"222598b\" data-element_type=\"column\">\n\t\t\t<div class=\"elementor-widget-wrap elementor-element-populated\">\n\t\t\t\t\t\t<div class=\"elementor-element elementor-element-970ebf6 elementor-widget elementor-widget-heading\" data-id=\"970ebf6\" data-element_type=\"widget\" data-widget_type=\"heading.default\">\n\t\t\t\t<div class=\"elementor-widget-container\">\n\t\t\t\t\t<h1 class=\"elementor-heading-title elementor-size-default\">- Recht auf Gew\u00e4hrleistung Ihrer Daten:<\/h1>\t\t\t\t<\/div>\n\t\t\t\t<\/div>\n\t\t\t\t<div class=\"elementor-element elementor-element-f3d75a8 color-scheme-dark text-left elementor-widget elementor-widget-text-editor\" data-id=\"f3d75a8\" data-element_type=\"widget\" data-widget_type=\"text-editor.default\">\n\t\t\t\t<div class=\"elementor-widget-container\">\n\t\t\t\t\t\t\t\t\t<blockquote><p>\u00a0Wenn die Erfassung Ihrer pers\u00f6nlichen Daten nicht mehr erforderlich ist, z.B. weil Sie kein registrierter Kunde von Megaaktion.ch mehr sind oder mit der Erfassung Ihrer pers\u00f6nlichen Daten nicht mehr zufrieden sind, sind Sie berechtigt, die Aktualisierung oder L\u00f6schung Ihrer Daten zu verlangen.<br \/>Sie k\u00f6nnen die L\u00f6schung Ihrer Daten auf dem unten angegebenen Weg beantragen: <br \/>Benutzen Sie das daf\u00fcr vorgesehene Kontaktformular in Ihrem gesch\u00fctzten Kundenbereich, schreiben Sie uns eine E-Mail an: site@megaaktion oder einen Brief an Megaaktion.ch.<\/p><\/blockquote>\t\t\t\t\t\t\t\t<\/div>\n\t\t\t\t<\/div>\n\t\t\t\t\t<\/div>\n\t\t<\/div>\n\t\t\t\t\t<\/div>\n\t\t<\/section>\n\t\t\t\t<section class=\"elementor-section elementor-top-section elementor-element elementor-element-a46a30d elementor-section-boxed elementor-section-height-default elementor-section-height-default wd-section-disabled\" data-id=\"a46a30d\" data-element_type=\"section\">\n\t\t\t\t\t\t<div class=\"elementor-container elementor-column-gap-default\">\n\t\t\t\t\t<div class=\"elementor-column elementor-col-100 elementor-top-column elementor-element elementor-element-af24c46\" data-id=\"af24c46\" data-element_type=\"column\">\n\t\t\t<div class=\"elementor-widget-wrap elementor-element-populated\">\n\t\t\t\t\t\t<div class=\"elementor-element elementor-element-f7ae11f elementor-widget elementor-widget-heading\" data-id=\"f7ae11f\" data-element_type=\"widget\" data-widget_type=\"heading.default\">\n\t\t\t\t<div class=\"elementor-widget-container\">\n\t\t\t\t\t<h1 class=\"elementor-heading-title elementor-size-default\">CCPA Datenschutzrechte (Don't Deal IN My Personal Information)<\/h1>\t\t\t\t<\/div>\n\t\t\t\t<\/div>\n\t\t\t\t<div class=\"elementor-element elementor-element-25f810f color-scheme-dark text-left elementor-widget elementor-widget-text-editor\" data-id=\"25f810f\" data-element_type=\"widget\" data-widget_type=\"text-editor.default\">\n\t\t\t\t<div class=\"elementor-widget-container\">\n\t\t\t\t\t\t\t\t\t<blockquote><p>&#8211; Unter dem CCPA haben die Kunden von Megaaktion die folgenden Rechte, in Verbindung mit anderen Rechten:<br \/>&#8211; Sie k\u00f6nnen verlangen, dass ein Unternehmen, das die pers\u00f6nlichen Daten eines Kunden sammelt, die Kategorien und spezifischen Teile der pers\u00f6nlichen Daten, die das Unternehmen \u00fcber den Kunden gesammelt hat, offenlegt.<br \/>&#8211; Sie k\u00f6nnen von einem Unternehmen verlangen, dass es alle von ihm gesammelten personenbezogenen Daten \u00fcber den Kunden l\u00f6scht.<br \/>&#8211; Sie k\u00f6nnen verlangen, dass ein Unternehmen, das die personenbezogenen Daten eines Kunden verkauft, nicht mit Ihren personenbezogenen Daten handelt.<br \/>&#8211; Wenn Sie einen Antrag stellen, haben wir einen Monat Zeit, Ihnen dies zu best\u00e4tigen. Wenn Sie eines der oben genannten Rechte wahrnehmen m\u00f6chten, nehmen Sie bitte<br \/>kontaktieren Sie uns.<\/p><\/blockquote>\t\t\t\t\t\t\t\t<\/div>\n\t\t\t\t<\/div>\n\t\t\t\t\t<\/div>\n\t\t<\/div>\n\t\t\t\t\t<\/div>\n\t\t<\/section>\n\t\t\t\t<section class=\"elementor-section elementor-top-section elementor-element elementor-element-7762c6b elementor-section-boxed elementor-section-height-default elementor-section-height-default wd-section-disabled\" data-id=\"7762c6b\" data-element_type=\"section\">\n\t\t\t\t\t\t<div class=\"elementor-container elementor-column-gap-default\">\n\t\t\t\t\t<div class=\"elementor-column elementor-col-100 elementor-top-column elementor-element elementor-element-c7f9317\" data-id=\"c7f9317\" data-element_type=\"column\">\n\t\t\t<div class=\"elementor-widget-wrap elementor-element-populated\">\n\t\t\t\t\t\t<div class=\"elementor-element elementor-element-11912f4 elementor-widget elementor-widget-heading\" data-id=\"11912f4\" data-element_type=\"widget\" data-widget_type=\"heading.default\">\n\t\t\t\t<div class=\"elementor-widget-container\">\n\t\t\t\t\t<h1 class=\"elementor-heading-title elementor-size-default\">Wie und auf welcher Rechtsgrundlage gehen wir mit Ihren pers\u00f6nlichen Daten um?<\/h1>\t\t\t\t<\/div>\n\t\t\t\t<\/div>\n\t\t\t\t<div class=\"elementor-element elementor-element-5f66331 color-scheme-dark text-left elementor-widget elementor-widget-text-editor\" data-id=\"5f66331\" data-element_type=\"widget\" data-widget_type=\"text-editor.default\">\n\t\t\t\t<div class=\"elementor-widget-container\">\n\t\t\t\t\t\t\t\t\t<blockquote><p>Ihre Erwartungen an uns, Ihre pers\u00f6nlichen Daten und damit Ihre Pers\u00f6nlichkeit zu sch\u00fctzen, sind uns wichtig. Deshalb m\u00f6chten wir, dass Sie mit dem Folgenden vertraut sind:<br \/>Wir halten uns an die Grunds\u00e4tze, die uns die Datenschutzgesetze der Schweiz und ggf. der Europ\u00e4ischen Union auferlegen. Das bedeutet, dass wir Ihnen selbstverst\u00e4ndlich erkl\u00e4ren, welche personenbezogenen Daten wir zu welchem Zweck verarbeiten. Wir greifen nur auf personenbezogene Daten zu, die wir rechtm\u00e4\u00dfig erhoben haben und f\u00fcr deren Erhebung &#8211; sofern wir sie verlangen &#8211; eine Rechtsgrundlage besteht. Deshalb informieren wir Sie an dieser Stelle jedes Mal, wenn Sie an Ihre Daten herankommen, dar\u00fcber, was wir mit Ihren personenbezogenen Daten machen. Wenn wir Ihre personenbezogenen Daten nicht mehr ben\u00f6tigen bzw. nicht mehr gesetzlich verpflichtet sind, sie zu besitzen, oder Sie nicht mehr wollen, dass wir sie besitzen und nutzen, werden wir dies nicht mehr tun.<\/p><\/blockquote>\t\t\t\t\t\t\t\t<\/div>\n\t\t\t\t<\/div>\n\t\t\t\t\t<\/div>\n\t\t<\/div>\n\t\t\t\t\t<\/div>\n\t\t<\/section>\n\t\t\t\t<\/div>\n\t\t","protected":false},"excerpt":{"rendered":"<p>Datenschutzpolitik Nach dem Datenschutzgesetz sind Sie berechtigt, Ihre pers\u00f6nlichen Daten jederzeit zu aktualisieren, wenn Sie feststellen, dass wir falsche Daten<\/p>\n","protected":false},"author":1,"featured_media":0,"parent":0,"menu_order":0,"comment_status":"closed","ping_status":"closed","template":"","meta":{"footnotes":""},"class_list":["post-1629","page","type-page","status-publish","hentry"],"_links":{"self":[{"href":"https:\/\/demo.swissdeal-sg.ch\/index.php?rest_route=\/wp\/v2\/pages\/1629","targetHints":{"allow":["GET"]}}],"collection":[{"href":"https:\/\/demo.swissdeal-sg.ch\/index.php?rest_route=\/wp\/v2\/pages"}],"about":[{"href":"https:\/\/demo.swissdeal-sg.ch\/index.php?rest_route=\/wp\/v2\/types\/page"}],"author":[{"embeddable":true,"href":"https:\/\/demo.swissdeal-sg.ch\/index.php?rest_route=\/wp\/v2\/users\/1"}],"replies":[{"embeddable":true,"href":"https:\/\/demo.swissdeal-sg.ch\/index.php?rest_route=%2Fwp%2Fv2%2Fcomments&post=1629"}],"version-history":[{"count":10,"href":"https:\/\/demo.swissdeal-sg.ch\/index.php?rest_route=\/wp\/v2\/pages\/1629\/revisions"}],"predecessor-version":[{"id":10713,"href":"https:\/\/demo.swissdeal-sg.ch\/index.php?rest_route=\/wp\/v2\/pages\/1629\/revisions\/10713"}],"wp:attachment":[{"href":"https:\/\/demo.swissdeal-sg.ch\/index.php?rest_route=%2Fwp%2Fv2%2Fmedia&parent=1629"}],"curies":[{"name":"wp","href":"https:\/\/api.w.org\/{rel}","templated":true}]}}