{"id":658,"date":"2017-06-27T06:45:25","date_gmt":"2017-06-27T06:45:25","guid":{"rendered":"http:\/\/dummy.xtemos.com\/woodmart-elementor\/demos\/?page_id=658"},"modified":"2023-02-02T11:56:58","modified_gmt":"2023-02-02T11:56:58","slug":"faqs","status":"publish","type":"page","link":"https:\/\/demo.swissdeal-sg.ch\/?page_id=658","title":{"rendered":"FAQs"},"content":{"rendered":"\t\t<div data-elementor-type=\"wp-page\" data-elementor-id=\"658\" class=\"elementor elementor-658\">\n\t\t\t\t\t\t<section class=\"elementor-section elementor-top-section elementor-element elementor-element-6556611 elementor-section-boxed elementor-section-height-default elementor-section-height-default wd-section-disabled\" data-id=\"6556611\" data-element_type=\"section\">\n\t\t\t\t\t\t<div class=\"elementor-container elementor-column-gap-default\">\n\t\t\t\t\t<div class=\"elementor-column elementor-col-50 elementor-top-column elementor-element elementor-element-5525711\" data-id=\"5525711\" data-element_type=\"column\">\n\t\t\t<div class=\"elementor-widget-wrap elementor-element-populated\">\n\t\t\t\t\t\t<div class=\"elementor-element elementor-element-4932caf elementor-widget elementor-widget-heading\" data-id=\"4932caf\" data-element_type=\"widget\" data-widget_type=\"heading.default\">\n\t\t\t\t<div class=\"elementor-widget-container\">\n\t\t\t\t\t<h2 class=\"elementor-heading-title elementor-size-default\">MEIN KONTO: <\/h2>\t\t\t\t<\/div>\n\t\t\t\t<\/div>\n\t\t\t\t<div class=\"elementor-element elementor-element-290d698 color-scheme-inherit text-left elementor-widget elementor-widget-text-editor\" data-id=\"290d698\" data-element_type=\"widget\" data-widget_type=\"text-editor.default\">\n\t\t\t\t<div class=\"elementor-widget-container\">\n\t\t\t\t\t\t\t\t\t<blockquote><p>In diesem Bereich finden Sie Ihr gesamtes Profil, Ihre pers\u00f6nlichen Daten, Ihre Bestellungen und Informationen \u00fcber die von Ihnen empfohlenen Freunde. Diese Informationen k\u00f6nnen Sie jederzeit \u00fcberpr\u00fcfen und \u00e4ndern, wann immer Sie wollen.<\/p><\/blockquote>\t\t\t\t\t\t\t\t<\/div>\n\t\t\t\t<\/div>\n\t\t\t\t\t<\/div>\n\t\t<\/div>\n\t\t\t\t<div class=\"elementor-column elementor-col-50 elementor-top-column elementor-element elementor-element-4241419\" data-id=\"4241419\" data-element_type=\"column\">\n\t\t\t<div class=\"elementor-widget-wrap elementor-element-populated\">\n\t\t\t\t\t\t<div class=\"elementor-element elementor-element-1639874 wd-accordion-theme-style elementor-widget elementor-widget-accordion\" data-id=\"1639874\" data-element_type=\"widget\" data-widget_type=\"accordion.default\">\n\t\t\t\t<div class=\"elementor-widget-container\">\n\t\t\t\t\t\t\t<div class=\"elementor-accordion\">\n\t\t\t\t\t\t\t<div class=\"elementor-accordion-item\">\n\t\t\t\t\t<div id=\"elementor-tab-title-2331\" class=\"elementor-tab-title\" data-tab=\"1\" role=\"button\" aria-controls=\"elementor-tab-content-2331\" aria-expanded=\"false\">\n\t\t\t\t\t\t\t\t\t\t\t\t\t<span class=\"elementor-accordion-icon elementor-accordion-icon-right\" aria-hidden=\"true\">\n\t\t\t\t\t\t\t\t\t\t\t\t\t\t\t<span class=\"elementor-accordion-icon-closed\"><i class=\"fas fa-chevron-down\"><\/i><\/span>\n\t\t\t\t\t\t\t\t<span class=\"elementor-accordion-icon-opened\"><i class=\"fas fa-chevron-up\"><\/i><\/span>\n\t\t\t\t\t\t\t\t\t\t\t\t\t\t<\/span>\n\t\t\t\t\t\t\t\t\t\t\t\t<a class=\"elementor-accordion-title\" tabindex=\"0\">Wie kann ich meine pers\u00f6nlichen Daten \u00e4ndern? <\/a>\n\t\t\t\t\t<\/div>\n\t\t\t\t\t<div id=\"elementor-tab-content-2331\" class=\"elementor-tab-content elementor-clearfix\" data-tab=\"1\" role=\"region\" aria-labelledby=\"elementor-tab-title-2331\"><p>&#8211; Loggen Sie sich auf www.megaaktion .ch mit Ihrem Benutzernamen und Passwort ein. <br \/>&#8211; Klicken Sie in der Rubrik &#8220;Mein Konto&#8221; auf &#8220;Mein Profil&#8221;. <br \/>&#8211; Sie haben dann die M\u00f6glichkeit, Ihre Adresse, Ihre Telefonnummer, Ihr Passwort oder Ihre E-Mail Adresse zu \u00e4ndern. <br \/>&#8211; Geben Sie die gew\u00fcnschten Informationen in die entsprechenden Felder ein und klicken Sie dann auf &#8220;\u00c4nderungen \u00fcbernehmen&#8221;. <\/p><\/div>\n\t\t\t\t<\/div>\n\t\t\t\t\t\t\t<div class=\"elementor-accordion-item\">\n\t\t\t\t\t<div id=\"elementor-tab-title-2332\" class=\"elementor-tab-title\" data-tab=\"2\" role=\"button\" aria-controls=\"elementor-tab-content-2332\" aria-expanded=\"false\">\n\t\t\t\t\t\t\t\t\t\t\t\t\t<span class=\"elementor-accordion-icon elementor-accordion-icon-right\" aria-hidden=\"true\">\n\t\t\t\t\t\t\t\t\t\t\t\t\t\t\t<span class=\"elementor-accordion-icon-closed\"><i class=\"fas fa-chevron-down\"><\/i><\/span>\n\t\t\t\t\t\t\t\t<span class=\"elementor-accordion-icon-opened\"><i class=\"fas fa-chevron-up\"><\/i><\/span>\n\t\t\t\t\t\t\t\t\t\t\t\t\t\t<\/span>\n\t\t\t\t\t\t\t\t\t\t\t\t<a class=\"elementor-accordion-title\" tabindex=\"0\">- Wie erfahre ich, wann ein Deal des Tages beginnt? <\/a>\n\t\t\t\t\t<\/div>\n\t\t\t\t\t<div id=\"elementor-tab-content-2332\" class=\"elementor-tab-content elementor-clearfix\" data-tab=\"2\" role=\"region\" aria-labelledby=\"elementor-tab-title-2332\"><p>&#8211; Vor jedem Deal des Tages erhalten Sie eine E-Mail-Einladung mit dem Datum, der Uhrzeit und den angebotenen Artikeln.<\/p><\/div>\n\t\t\t\t<\/div>\n\t\t\t\t\t\t\t<div class=\"elementor-accordion-item\">\n\t\t\t\t\t<div id=\"elementor-tab-title-2333\" class=\"elementor-tab-title\" data-tab=\"3\" role=\"button\" aria-controls=\"elementor-tab-content-2333\" aria-expanded=\"false\">\n\t\t\t\t\t\t\t\t\t\t\t\t\t<span class=\"elementor-accordion-icon elementor-accordion-icon-right\" aria-hidden=\"true\">\n\t\t\t\t\t\t\t\t\t\t\t\t\t\t\t<span class=\"elementor-accordion-icon-closed\"><i class=\"fas fa-chevron-down\"><\/i><\/span>\n\t\t\t\t\t\t\t\t<span class=\"elementor-accordion-icon-opened\"><i class=\"fas fa-chevron-up\"><\/i><\/span>\n\t\t\t\t\t\t\t\t\t\t\t\t\t\t<\/span>\n\t\t\t\t\t\t\t\t\t\t\t\t<a class=\"elementor-accordion-title\" tabindex=\"0\">- Wie kann ich auf ein Angebot zugreifen? <\/a>\n\t\t\t\t\t<\/div>\n\t\t\t\t\t<div id=\"elementor-tab-content-2333\" class=\"elementor-tab-content elementor-clearfix\" data-tab=\"3\" role=\"region\" aria-labelledby=\"elementor-tab-title-2333\"><p>Sie haben 2 verschiedene M\u00f6glichkeiten, auf den Deal des Tages auf www.megaaktion .ch zuzugreifen: per Einladungs-E-Mail: <br \/>1. Klicken Sie auf &#8220;Deal des Tages&#8221; und loggen Sie sich dann mit Ihrem Benutzernamen und Passwort auf der Website ein. <br \/>2. Die zum Deal des Tages angebotenen Artikel werden Ihnen in Form von Bildern und detaillierten Beschreibungen angezeigt. Legen Sie dann die gew\u00fcnschten Artikel in Ihren Warenkorb und folgen Sie dem weiteren Bestellvorgang. <br \/>&#8211; Direkt \u00fcber die Website www.megaaktion.ch: Folgen Sie dazu den unten angegebenen Schritten: <br \/>&#8211; Loggen Sie sich w\u00e4hrend des Deals des Tages auf www.megaaktion.ch ein. <br \/>&#8211; Geben Sie Ihre E-Mail-Adresse und Ihr Passwort ein, die Sie f\u00fcr www. <br \/>.ch. <br \/>&#8211; Legen Sie dann die Artikel, die Sie kaufen m\u00f6chten, in den Warenkorb. <br \/>&#8211; Best\u00e4tigen Sie Ihre Bestellung, nachdem Sie Ihren Warenkorb \u00fcberpr\u00fcft haben <\/p><\/div>\n\t\t\t\t<\/div>\n\t\t\t\t\t\t\t<div class=\"elementor-accordion-item\">\n\t\t\t\t\t<div id=\"elementor-tab-title-2334\" class=\"elementor-tab-title\" data-tab=\"4\" role=\"button\" aria-controls=\"elementor-tab-content-2334\" aria-expanded=\"false\">\n\t\t\t\t\t\t\t\t\t\t\t\t\t<span class=\"elementor-accordion-icon elementor-accordion-icon-right\" aria-hidden=\"true\">\n\t\t\t\t\t\t\t\t\t\t\t\t\t\t\t<span class=\"elementor-accordion-icon-closed\"><i class=\"fas fa-chevron-down\"><\/i><\/span>\n\t\t\t\t\t\t\t\t<span class=\"elementor-accordion-icon-opened\"><i class=\"fas fa-chevron-up\"><\/i><\/span>\n\t\t\t\t\t\t\t\t\t\t\t\t\t\t<\/span>\n\t\t\t\t\t\t\t\t\t\t\t\t<a class=\"elementor-accordion-title\" tabindex=\"0\">\u27a2 Kann ich nach dem Ende eines Deals des Tages noch einkaufen? <\/a>\n\t\t\t\t\t<\/div>\n\t\t\t\t\t<div id=\"elementor-tab-content-2334\" class=\"elementor-tab-content elementor-clearfix\" data-tab=\"4\" role=\"region\" aria-labelledby=\"elementor-tab-title-2334\"><p>Sobald ein Verkauf beendet ist, sind die Artikel im Deal des Tages nicht mehr zug\u00e4nglich. Sie k\u00f6nnen keine Bestellung mehr \u00fcber den Deal des Tages aufgeben.<\/p><\/div>\n\t\t\t\t<\/div>\n\t\t\t\t\t\t\t\t<\/div>\n\t\t\t\t\t\t<\/div>\n\t\t\t\t<\/div>\n\t\t\t\t\t<\/div>\n\t\t<\/div>\n\t\t\t\t\t<\/div>\n\t\t<\/section>\n\t\t\t\t<\/div>\n\t\t","protected":false},"excerpt":{"rendered":"<p>MEIN KONTO: In diesem Bereich finden Sie Ihr gesamtes Profil, Ihre pers\u00f6nlichen Daten, Ihre Bestellungen und Informationen \u00fcber die von<\/p>\n","protected":false},"author":1,"featured_media":0,"parent":0,"menu_order":0,"comment_status":"closed","ping_status":"closed","template":"","meta":{"footnotes":""},"class_list":["post-658","page","type-page","status-publish","hentry"],"_links":{"self":[{"href":"https:\/\/demo.swissdeal-sg.ch\/index.php?rest_route=\/wp\/v2\/pages\/658","targetHints":{"allow":["GET"]}}],"collection":[{"href":"https:\/\/demo.swissdeal-sg.ch\/index.php?rest_route=\/wp\/v2\/pages"}],"about":[{"href":"https:\/\/demo.swissdeal-sg.ch\/index.php?rest_route=\/wp\/v2\/types\/page"}],"author":[{"embeddable":true,"href":"https:\/\/demo.swissdeal-sg.ch\/index.php?rest_route=\/wp\/v2\/users\/1"}],"replies":[{"embeddable":true,"href":"https:\/\/demo.swissdeal-sg.ch\/index.php?rest_route=%2Fwp%2Fv2%2Fcomments&post=658"}],"version-history":[{"count":4,"href":"https:\/\/demo.swissdeal-sg.ch\/index.php?rest_route=\/wp\/v2\/pages\/658\/revisions"}],"predecessor-version":[{"id":10704,"href":"https:\/\/demo.swissdeal-sg.ch\/index.php?rest_route=\/wp\/v2\/pages\/658\/revisions\/10704"}],"wp:attachment":[{"href":"https:\/\/demo.swissdeal-sg.ch\/index.php?rest_route=%2Fwp%2Fv2%2Fmedia&parent=658"}],"curies":[{"name":"wp","href":"https:\/\/api.w.org\/{rel}","templated":true}]}}